{"id":437,"date":"2021-02-04T18:54:58","date_gmt":"2021-02-04T18:54:58","guid":{"rendered":"http:\/\/diamondpw.com\/?page_id=437"},"modified":"2021-02-24T09:02:42","modified_gmt":"2021-02-24T09:02:42","slug":"kontakt-2","status":"publish","type":"page","link":"https:\/\/diamondpw.com\/en\/kontakt-2\/","title":{"rendered":"contact"},"content":{"rendered":"<p>[et_pb_section fb_built=&#8221;1&#8243; next_background_color=&#8221;#ffffff&#8221; _builder_version=&#8221;4.8.2&#8243; _module_preset=&#8221;default&#8221; use_background_color_gradient=&#8221;on&#8221; background_color_gradient_start=&#8221;rgba(0,0,0,0.55)&#8221; background_color_gradient_end=&#8221;rgba(0,0,0,0.4)&#8221; background_color_gradient_overlays_image=&#8221;on&#8221; background_image=&#8221;https:\/\/diamondpw.com\/wp-content\/uploads\/2021\/02\/3-4.jpg&#8221; background_position=&#8221;bottom_center&#8221; custom_margin=&#8221;0px||0px||false|false&#8221; custom_padding=&#8221;0px||0px||false|false&#8221; bottom_divider_style=&#8221;wave&#8221; bottom_divider_height=&#8221;60px&#8221; bottom_divider_repeat=&#8221;2x&#8221;][et_pb_row _builder_version=&#8221;4.9.0&#8243; _module_preset=&#8221;default&#8221; width=&#8221;96%&#8221; module_alignment=&#8221;center&#8221; custom_margin_tablet=&#8221;&#8221; custom_margin_phone=&#8221;-20px||||false|false&#8221; custom_margin_last_edited=&#8221;on|phone&#8221; custom_padding=&#8221;0px||0px||true|false&#8221;][et_pb_column type=&#8221;4_4&#8243; _builder_version=&#8221;4.8.2&#8243; _module_preset=&#8221;default&#8221;][et_pb_menu menu_id=&#8221;5&#8243; active_link_color=&#8221;#FFFFFF&#8221; dropdown_menu_text_color=&#8221;#000000&#8243; dropdown_menu_active_link_color=&#8221;#000000&#8243; logo=&#8221;https:\/\/diamondpw.com\/wp-content\/uploads\/2021\/02\/sygnet-diamond-poly-png-Copy.png&#8221; logo_url=&#8221;https:\/\/diamondpw.com\/poly\/&#8221; logo_max_width=&#8221;27%&#8221; logo_max_height=&#8221;290px&#8221; active_link_color_tablet=&#8221;&#8221; active_link_color_phone=&#8221;#000000&#8243; active_link_color_last_edited=&#8221;on|phone&#8221; menu_icon_color_tablet=&#8221;&#8221; menu_icon_color_phone=&#8221;#ffffff&#8221; menu_icon_color_last_edited=&#8221;on|phone&#8221; menu_icon_font_size_tablet=&#8221;&#8221; menu_icon_font_size_phone=&#8221;44px&#8221; menu_icon_font_size_last_edited=&#8221;on|phone&#8221; _builder_version=&#8221;4.9.0&#8243; _module_preset=&#8221;default&#8221; menu_font=&#8221;Raleway|600||on|||||&#8221; menu_text_color=&#8221;#ffffff&#8221; menu_font_size=&#8221;15px&#8221; menu_letter_spacing=&#8221;1px&#8221; background_enable_color=&#8221;off&#8221; width=&#8221;100%&#8221; menu_text_color_tablet=&#8221;&#8221; menu_text_color_phone=&#8221;#000000&#8243; menu_text_color_last_edited=&#8221;on|phone&#8221;][\/et_pb_menu][\/et_pb_column][\/et_pb_row][et_pb_row _builder_version=&#8221;4.8.2&#8243; _module_preset=&#8221;default&#8221; custom_margin=&#8221;50px||||false|false&#8221; custom_padding=&#8221;||80px||false|false&#8221;][et_pb_column type=&#8221;4_4&#8243; _builder_version=&#8221;4.8.2&#8243; _module_preset=&#8221;default&#8221;][et_pb_text _builder_version=&#8221;4.8.2&#8243; _module_preset=&#8221;default&#8221; text_font=&#8221;||||||||&#8221; header_2_font=&#8221;||||||||&#8221; header_2_text_color=&#8221;#FFFFFF&#8221; header_2_font_size=&#8221;47px&#8221; header_2_text_shadow_style=&#8221;preset3&#8243; header_2_text_shadow_blur_strength=&#8221;0.2em&#8221; header_2_text_shadow_color=&#8221;#000000&#8243;]<\/p>\n<h2>Contact<\/h2>\n<p>[\/et_pb_text][\/et_pb_column][\/et_pb_row][\/et_pb_section][et_pb_section fb_built=&#8221;1&#8243; _builder_version=&#8221;4.8.2&#8243; _module_preset=&#8221;default&#8221; custom_padding=&#8221;20px||0px||false|false&#8221;][et_pb_row _builder_version=&#8221;4.8.2&#8243; _module_preset=&#8221;default&#8221; width=&#8221;60%&#8221;][et_pb_column type=&#8221;4_4&#8243; _builder_version=&#8221;4.8.2&#8243; _module_preset=&#8221;default&#8221;][et_pb_contact_form captcha=&#8221;off&#8221; email=&#8221;info@diamondpw.com&#8221; submit_button_text=&#8221;Wy\u015blij wiadomo\u015b\u0107&#8221; _builder_version=&#8221;4.9.0&#8243; _module_preset=&#8221;default&#8221; form_field_background_color=&#8221;RGBA(0,0,0,0)&#8221; custom_button=&#8221;on&#8221; button_text_size=&#8221;17px&#8221; button_text_color=&#8221;#FFFFFF&#8221; button_bg_color=&#8221;#417ec0&#8243; button_bg_color_gradient_start=&#8221;#417ec0&#8243; button_bg_color_gradient_end=&#8221;#7b8798&#8243; button_bg_color_gradient_direction=&#8221;90deg&#8221; button_font=&#8221;|800||on|||||&#8221; border_width_all=&#8221;2px&#8221; border_color_all=&#8221;#417ec0&#8243;][et_pb_contact_field field_id=&#8221;Name&#8221; field_title=&#8221;Imi\u0119 i nazwisko&#8221; _builder_version=&#8221;4.8.2&#8243; button_text_size__hover_enabled=&#8221;off&#8221; button_one_text_size__hover_enabled=&#8221;off&#8221; button_two_text_size__hover_enabled=&#8221;off&#8221; button_text_color__hover_enabled=&#8221;off&#8221; button_one_text_color__hover_enabled=&#8221;off&#8221; button_two_text_color__hover_enabled=&#8221;off&#8221; button_border_width__hover_enabled=&#8221;off&#8221; button_one_border_width__hover_enabled=&#8221;off&#8221; button_two_border_width__hover_enabled=&#8221;off&#8221; button_border_color__hover_enabled=&#8221;off&#8221; button_one_border_color__hover_enabled=&#8221;off&#8221; button_two_border_color__hover_enabled=&#8221;off&#8221; button_border_radius__hover_enabled=&#8221;off&#8221; button_one_border_radius__hover_enabled=&#8221;off&#8221; button_two_border_radius__hover_enabled=&#8221;off&#8221; button_letter_spacing__hover_enabled=&#8221;off&#8221; button_one_letter_spacing__hover_enabled=&#8221;off&#8221; button_two_letter_spacing__hover_enabled=&#8221;off&#8221; button_bg_color__hover_enabled=&#8221;off&#8221; button_one_bg_color__hover_enabled=&#8221;off&#8221; button_two_bg_color__hover_enabled=&#8221;off&#8221;][\/et_pb_contact_field][et_pb_contact_field field_id=&#8221;Email&#8221; field_title=&#8221;Email&#8221; field_type=&#8221;email&#8221; _builder_version=&#8221;4.8.2&#8243; button_text_size__hover_enabled=&#8221;off&#8221; button_one_text_size__hover_enabled=&#8221;off&#8221; button_two_text_size__hover_enabled=&#8221;off&#8221; button_text_color__hover_enabled=&#8221;off&#8221; button_one_text_color__hover_enabled=&#8221;off&#8221; button_two_text_color__hover_enabled=&#8221;off&#8221; button_border_width__hover_enabled=&#8221;off&#8221; button_one_border_width__hover_enabled=&#8221;off&#8221; button_two_border_width__hover_enabled=&#8221;off&#8221; button_border_color__hover_enabled=&#8221;off&#8221; button_one_border_color__hover_enabled=&#8221;off&#8221; button_two_border_color__hover_enabled=&#8221;off&#8221; button_border_radius__hover_enabled=&#8221;off&#8221; button_one_border_radius__hover_enabled=&#8221;off&#8221; button_two_border_radius__hover_enabled=&#8221;off&#8221; button_letter_spacing__hover_enabled=&#8221;off&#8221; button_one_letter_spacing__hover_enabled=&#8221;off&#8221; button_two_letter_spacing__hover_enabled=&#8221;off&#8221; button_bg_color__hover_enabled=&#8221;off&#8221; button_one_bg_color__hover_enabled=&#8221;off&#8221; button_two_bg_color__hover_enabled=&#8221;off&#8221;][\/et_pb_contact_field][et_pb_contact_field field_id=&#8221;Message&#8221; field_title=&#8221;Wiadomo\u015b\u0107&#8221; field_type=&#8221;text&#8221; fullwidth_field=&#8221;on&#8221; _builder_version=&#8221;3.16&#8243; button_text_size__hover_enabled=&#8221;off&#8221; button_one_text_size__hover_enabled=&#8221;off&#8221; button_two_text_size__hover_enabled=&#8221;off&#8221; button_text_color__hover_enabled=&#8221;off&#8221; button_one_text_color__hover_enabled=&#8221;off&#8221; button_two_text_color__hover_enabled=&#8221;off&#8221; button_border_width__hover_enabled=&#8221;off&#8221; button_one_border_width__hover_enabled=&#8221;off&#8221; button_two_border_width__hover_enabled=&#8221;off&#8221; button_border_color__hover_enabled=&#8221;off&#8221; button_one_border_color__hover_enabled=&#8221;off&#8221; button_two_border_color__hover_enabled=&#8221;off&#8221; button_border_radius__hover_enabled=&#8221;off&#8221; button_one_border_radius__hover_enabled=&#8221;off&#8221; button_two_border_radius__hover_enabled=&#8221;off&#8221; button_letter_spacing__hover_enabled=&#8221;off&#8221; button_one_letter_spacing__hover_enabled=&#8221;off&#8221; button_two_letter_spacing__hover_enabled=&#8221;off&#8221; button_bg_color__hover_enabled=&#8221;off&#8221; button_one_bg_color__hover_enabled=&#8221;off&#8221; button_two_bg_color__hover_enabled=&#8221;off&#8221;][\/et_pb_contact_field][\/et_pb_contact_form][\/et_pb_column][\/et_pb_row][et_pb_row column_structure=&#8221;1_3,2_3&#8243; _builder_version=&#8221;4.8.2&#8243; _module_preset=&#8221;default&#8221;][et_pb_column type=&#8221;1_3&#8243; _builder_version=&#8221;4.8.2&#8243; _module_preset=&#8221;default&#8221;][et_pb_blurb title=&#8221;Adres biura&#8221; use_icon=&#8221;on&#8221; font_icon=&#8221;%%122%%&#8221; icon_color=&#8221;#417ec0&#8243; icon_placement=&#8221;left&#8221; _builder_version=&#8221;4.8.2&#8243; _module_preset=&#8221;default&#8221; body_font=&#8221;|300|||||||&#8221;]Szczytnica 101A<br \/>\n59-720 Raciborowice G\u00f3rne [\/et_pb_blurb][et_pb_blurb title=&#8221;Telefon&#8221; use_icon=&#8221;on&#8221; font_icon=&#8221;%%104%%&#8221; icon_color=&#8221;#417ec0&#8243; icon_placement=&#8221;left&#8221; _builder_version=&#8221;4.9.0&#8243; _module_preset=&#8221;default&#8221; body_font=&#8221;|300|||||||&#8221;]<\/p>\n<p>+48 693 560 343<br \/> PL\u00a0<img loading=\"lazy\" src=\"https:\/\/diamondpw.com\/wp-content\/uploads\/2021\/02\/polska2-1.png\" width=\"20\" height=\"13\" alt=\"\" class=\"wp-image-1323 alignnone size-full\" \/>\u00a0 RU\u00a0 <img loading=\"lazy\" src=\"https:\/\/diamondpw.com\/wp-content\/uploads\/2021\/02\/rosja-1.png\" width=\"20\" height=\"13\" alt=\"\" class=\"wp-image-1324 alignnone size-medium\" \/>\u00a0 NL\u00a0<img loading=\"lazy\" src=\"https:\/\/diamondpw.com\/wp-content\/uploads\/2021\/02\/holandia.png\" width=\"20\" height=\"13\" alt=\"\" class=\"wp-image-1317 alignnone size-full\" \/>\u00a0 EN\u00a0<img loading=\"lazy\" src=\"https:\/\/diamondpw.com\/wp-content\/uploads\/2021\/02\/UK-1.png\" width=\"20\" height=\"13\" alt=\"\" class=\"wp-image-1325 alignnone size-medium\" \/><\/p>\n<p>[\/et_pb_blurb][et_pb_blurb title=&#8221;Godziny otwarcia&#8221; use_icon=&#8221;on&#8221; font_icon=&#8221;%%92%%&#8221; icon_color=&#8221;#417ec0&#8243; icon_placement=&#8221;left&#8221; _builder_version=&#8221;4.9.0&#8243; _module_preset=&#8221;default&#8221; body_font=&#8221;|300|||||||&#8221; body_text_color=&#8221;#000000&#8243;]poniedzia\u0142ek-pi\u0105tek<br \/>\n8.00-16.00[\/et_pb_blurb][et_pb_blurb use_icon=&#8221;on&#8221; font_icon=&#8221;%%109%%&#8221; icon_color=&#8221;#417ec0&#8243; icon_placement=&#8221;left&#8221; _builder_version=&#8221;4.9.0&#8243; _module_preset=&#8221;default&#8221; header_text_color=&#8221;#FFFFFF&#8221; body_font=&#8221;|300|||||||&#8221; body_text_color=&#8221;#000000&#8243; custom_margin=&#8221;16px||||false|false&#8221;]info@diamondpw.com[\/et_pb_blurb][\/et_pb_column][et_pb_column type=&#8221;2_3&#8243; _builder_version=&#8221;4.8.2&#8243; _module_preset=&#8221;default&#8221;][et_pb_code _builder_version=&#8221;4.9.0&#8243; _module_preset=&#8221;default&#8221;]<iframe src=\"https:\/\/www.google.com\/maps\/embed?pb=!1m18!1m12!1m3!1d9978.607828321396!2d15.713246868108719!3d51.29912867960149!2m3!1f0!2f0!3f0!3m2!1i1024!2i768!4f13.1!3m3!1m2!1s0x470f37fde51db8df%3A0xaf04106067d60912!2sSzczytnica%20101A%2C%2059-720%20Szczytnica!5e0!3m2!1spl!2spl!4v1613654900122!5m2!1spl!2spl\" width=\"800\" height=\"350\" frameborder=\"0\" style=\"border:0;\" allowfullscreen=\"\" aria-hidden=\"false\" tabindex=\"0\"><\/iframe>[\/et_pb_code][\/et_pb_column][\/et_pb_row][et_pb_row column_structure=&#8221;1_3,2_3&#8243; _builder_version=&#8221;4.8.2&#8243; _module_preset=&#8221;default&#8221;][et_pb_column type=&#8221;1_3&#8243; _builder_version=&#8221;4.8.2&#8243; _module_preset=&#8221;default&#8221;][et_pb_blurb title=&#8221;Zak\u0142ad Produkcyjny&#8221; use_icon=&#8221;on&#8221; font_icon=&#8221;%%122%%&#8221; icon_color=&#8221;#417ec0&#8243; icon_placement=&#8221;left&#8221; _builder_version=&#8221;4.8.2&#8243; _module_preset=&#8221;default&#8221; body_font=&#8221;|300|||||||&#8221;]Os\u0142a 40a<br \/>\n59-706 Gromadka[\/et_pb_blurb][et_pb_blurb title=&#8221;Telefon&#8221; use_icon=&#8221;on&#8221; font_icon=&#8221;%%104%%&#8221; icon_color=&#8221;#417ec0&#8243; icon_placement=&#8221;left&#8221; _builder_version=&#8221;4.9.0&#8243; _module_preset=&#8221;default&#8221; body_font=&#8221;|300|||||||&#8221; hover_enabled=&#8221;0&#8243; sticky_enabled=&#8221;0&#8243;]<\/p>\n<p>Poly production coordinator<br \/> +48 781 060 354<br \/> Wood & Constructions coordinator<br \/>+48 661 889 433<\/p>\n<p><span>PL\u00a0<\/span><img loading=\"lazy\" src=\"https:\/\/diamondpw.com\/wp-content\/uploads\/2021\/02\/polska2-1.png\" width=\"20\" height=\"13\" alt=\"\" class=\"wp-image-1323 alignnone size-full\" \/><span>\u00a0\u00a0<\/span><\/p>\n<p>[\/et_pb_blurb][et_pb_blurb title=&#8221;Godziny otwarcia&#8221; use_icon=&#8221;on&#8221; font_icon=&#8221;%%92%%&#8221; icon_color=&#8221;#417ec0&#8243; icon_placement=&#8221;left&#8221; _builder_version=&#8221;4.8.2&#8243; _module_preset=&#8221;default&#8221; body_font=&#8221;|300|||||||&#8221; body_text_color=&#8221;#000000&#8243;]poniedzia\u0142ek-pi\u0105tek<br \/>\n7.00-15.00[\/et_pb_blurb][\/et_pb_column][et_pb_column type=&#8221;2_3&#8243; _builder_version=&#8221;4.8.2&#8243; _module_preset=&#8221;default&#8221;][et_pb_code _builder_version=&#8221;4.9.0&#8243; _module_preset=&#8221;default&#8221;]<iframe src=\"https:\/\/www.google.com\/maps\/embed?pb=!1m18!1m12!1m3!1d159583.35751352296!2d15.607293314922426!3d51.32050733217264!2m3!1f0!2f0!3f0!3m2!1i1024!2i768!4f13.1!3m3!1m2!1s0x470f47de565a2f39%3A0xf3d62edad0837782!2zT3PFgmEgNDAsIDU5LTcwNiBPc8WCYQ!5e0!3m2!1spl!2spl!4v1612522843896!5m2!1spl!2spl\" width=\"800\" height=\"350\" frameborder=\"0\" style=\"border:0;\" allowfullscreen=\"\" aria-hidden=\"false\" tabindex=\"0\"><\/iframe>[\/et_pb_code][\/et_pb_column][\/et_pb_row][\/et_pb_section]<\/p>","protected":false},"excerpt":{"rendered":"<p>[et_pb_section fb_built=&#8221;1&#8243; next_background_color=&#8221;#ffffff&#8221; _builder_version=&#8221;4.8.2&#8243; _module_preset=&#8221;default&#8221; use_background_color_gradient=&#8221;on&#8221; background_color_gradient_start=&#8221;rgba(0,0,0,0.55)&#8221; background_color_gradient_end=&#8221;rgba(0,0,0,0.4)&#8221; background_color_gradient_overlays_image=&#8221;on&#8221; background_image=&#8221;https:\/\/diamondpw.com\/wp-content\/uploads\/2021\/02\/3-4.jpg&#8221; background_position=&#8221;bottom_center&#8221; custom_margin=&#8221;0px||0px||false|false&#8221; custom_padding=&#8221;0px||0px||false|false&#8221; bottom_divider_style=&#8221;wave&#8221; bottom_divider_height=&#8221;60px&#8221; bottom_divider_repeat=&#8221;2x&#8221;][et_pb_row _builder_version=&#8221;4.9.0&#8243; _module_preset=&#8221;default&#8221; width=&#8221;96%&#8221; module_alignment=&#8221;center&#8221; custom_margin_tablet=&#8221;&#8221; custom_margin_phone=&#8221;-20px||||false|false&#8221; custom_margin_last_edited=&#8221;on|phone&#8221; custom_padding=&#8221;0px||0px||true|false&#8221;][et_pb_column type=&#8221;4_4&#8243; _builder_version=&#8221;4.8.2&#8243; _module_preset=&#8221;default&#8221;][et_pb_menu menu_id=&#8221;5&#8243; active_link_color=&#8221;#FFFFFF&#8221; dropdown_menu_text_color=&#8221;#000000&#8243; dropdown_menu_active_link_color=&#8221;#000000&#8243; logo=&#8221;https:\/\/diamondpw.com\/wp-content\/uploads\/2021\/02\/sygnet-diamond-poly-png-Copy.png&#8221; logo_url=&#8221;https:\/\/diamondpw.com\/poly\/&#8221; logo_max_width=&#8221;27%&#8221; logo_max_height=&#8221;290px&#8221; active_link_color_tablet=&#8221;&#8221; active_link_color_phone=&#8221;#000000&#8243; active_link_color_last_edited=&#8221;on|phone&#8221; menu_icon_color_tablet=&#8221;&#8221; menu_icon_color_phone=&#8221;#ffffff&#8221; menu_icon_color_last_edited=&#8221;on|phone&#8221; menu_icon_font_size_tablet=&#8221;&#8221; menu_icon_font_size_phone=&#8221;44px&#8221; menu_icon_font_size_last_edited=&#8221;on|phone&#8221; _builder_version=&#8221;4.9.0&#8243; _module_preset=&#8221;default&#8221; menu_font=&#8221;Raleway|600||on|||||&#8221; menu_text_color=&#8221;#ffffff&#8221; menu_font_size=&#8221;15px&#8221; menu_letter_spacing=&#8221;1px&#8221; background_enable_color=&#8221;off&#8221; width=&#8221;100%&#8221; menu_text_color_tablet=&#8221;&#8221; menu_text_color_phone=&#8221;#000000&#8243; menu_text_color_last_edited=&#8221;on|phone&#8221;][\/et_pb_menu][\/et_pb_column][\/et_pb_row][et_pb_row [&hellip;]<\/p>","protected":false},"author":2,"featured_media":0,"parent":0,"menu_order":0,"comment_status":"closed","ping_status":"closed","template":"","meta":{"_et_pb_use_builder":"on","_et_pb_old_content":"<!-- wp:divi\/placeholder \/-->","_et_gb_content_width":""},"_links":{"self":[{"href":"https:\/\/diamondpw.com\/en\/wp-json\/wp\/v2\/pages\/437"}],"collection":[{"href":"https:\/\/diamondpw.com\/en\/wp-json\/wp\/v2\/pages"}],"about":[{"href":"https:\/\/diamondpw.com\/en\/wp-json\/wp\/v2\/types\/page"}],"author":[{"embeddable":true,"href":"https:\/\/diamondpw.com\/en\/wp-json\/wp\/v2\/users\/2"}],"replies":[{"embeddable":true,"href":"https:\/\/diamondpw.com\/en\/wp-json\/wp\/v2\/comments?post=437"}],"version-history":[{"count":25,"href":"https:\/\/diamondpw.com\/en\/wp-json\/wp\/v2\/pages\/437\/revisions"}],"predecessor-version":[{"id":1518,"href":"https:\/\/diamondpw.com\/en\/wp-json\/wp\/v2\/pages\/437\/revisions\/1518"}],"wp:attachment":[{"href":"https:\/\/diamondpw.com\/en\/wp-json\/wp\/v2\/media?parent=437"}],"curies":[{"name":"wp","href":"https:\/\/api.w.org\/{rel}","templated":true}]}}